{"id":311,"date":"2019-11-26T17:00:07","date_gmt":"2019-11-26T08:00:07","guid":{"rendered":"http:\/\/hirokyo.or.jp\/en\/?page_id=311"},"modified":"2024-07-18T16:07:23","modified_gmt":"2024-07-18T07:07:23","slug":"principalguestconductor","status":"publish","type":"page","link":"http:\/\/hirokyo.or.jp\/en\/info\/profile\/principalguestconductor","title":{"rendered":"Christian Arming"},"content":{"rendered":"<div id=\"intro\">\r\n<section>\r\n<h2 id=\"nmr\" class=\"profile\">Profile<\/h2>\r\n\t<table class=\"tb03\">\n\t<tbody>\n\t<tr><th style=\"text-align:center\" colspan=\"4\"><a href=\"http:\/\/hirokyo.or.jp\/en\/info\/profile\/\">HIROSHIMA SYMPHONY ORCHESTRA<\/a><\/th><\/tr>\n\t<tr>\n\t<th width=\"200\">Music Director<\/th>\n\t<td><a href=\"http:\/\/hirokyo.or.jp\/en\/info\/profile\/principalguestconductor\">Christian Arming<\/a><\/td>\n\t<th >Conductor Laureate<\/th>\n\t<td><a href=\"http:\/\/hirokyo.or.jp\/en\/info\/profile\/soukantoku\">Tatsuya Shimono<\/a><\/td>\n\t<\/tr>\n\t<tr>\n\t<th>Music Advisor<\/th>\n\t<td>Tsugio Tokunaga<\/td>\n\t<th>Music Partner<\/th>\n\t<td><a href=\"http:\/\/hirokyo.or.jp\/en\/info\/profile\/musicpartner\">Volkhard Steude<\/a><\/td>\n\t<\/tr>\n\t<tr>\n\t<th>Conposer in Residence<\/th>\n\t<td><a href=\"http:\/\/hirokyo.or.jp\/en\/info\/profile\/t-hosokawa\">Toshio Hosokawa<\/a><\/td>\n\t<th>Honorary Founding Conductor<\/th>\n\t<td><a href=\"http:\/\/hirokyo.or.jp\/en\/info\/profile\/peacemusic\">Martha Argerich<\/a><\/td>\n\t<\/tr>\n\t<tr>\n\t<th>Honorary Founding Conductor<\/th>\n\t<td><a href=\"http:\/\/hirokyo.or.jp\/en\/info\/profile\/meiyo\/\">Kazukiyo Inoue<\/a><\/td>\n\t<th>Honorary Music Director<\/th>\n\t<td><a href=\"http:\/\/hirokyo.or.jp\/en\/info\/profile\/meiyo2\/\">Akeo Watanabe<\/a><\/td>\n\t<\/tr>\n\t<tr>\n\t<th>Permanent Honorary Conductor Laureate<\/th>\n\t<td><a href=\"http:\/\/hirokyo.or.jp\/en\/info\/profile\/jonin\">Kazuyoshi Akiyama<\/a><\/td>\n\t<th><\/th>\n\t<td><\/td>\n\t<\/tr>\n\t<tr>\n\t<th>Special Guest Concertmaster<\/th>\n\t<td>Kyoko Shikata<\/td>\n\t<th>Principle Guest Concert master<\/th>\n\t<td>Ryo Mikami<\/td>\n\t<\/tr>\n\t<tr>\n\t<th>Concertmaster<\/th>\n\t<td>Chihiro Kitada<\/td>\n\t<th>Concertmaster<\/th>\n\t<td><a href=\"http:\/\/hirokyo.or.jp\/en\/info\/profile\/conmas#kurakawa\">Rumi Kurakawa<\/a><\/td>\n\t<\/tr>\n\t<\/tbody>\n\t<\/table>\n<\/section>\r\n<dl class=\"con_box\">\r\n<dt id=\"p02\">Christian Arming \/ Music Director<\/dt>\r\n<dd>\r\n<div class=\"ph_box\"><img loading=\"lazy\" decoding=\"async\" class=\"alignnone wp-image-6060\" src=\"http:\/\/hirokyo.or.jp\/hirokyowp\/wp-content\/uploads\/2017\/04\/129mini.jpg\" alt=\"\" width=\"156\" height=\"234\" \/><\/div>\r\nChristian Arming is one of Austria\u2019s most sought after conductors, highly successful in both symphonic and operatic fields. Music Director of the Liege Royal Philharmonic Orchestra from 2011 to 2019, he previously held the same post at the New Japan Philharmonic in Tokyo, at the Lucerne Theatre and Symphony Orchestra and earlier was Chief Conductor of the Jan\u00e1\u010dek Philharmonic in Ostrava. From April 2024, he started his tenure as Music Director of the Hiroshima Symphony Orchestra following 5 years of successful collaboration as Principal Guest Conductor.<br \/>He has conducted many top European and American orchestras, such as Czech Philharmonic, Staatskapelle Dresden, Frankfurt Radio Symphony, Vienna Symphony, Salzburg Mozarteum Orchestra, Orchestre national du Capitole de Toulouse, Orchestre de la Suisse Romande, Boston and Cincinnati Symphonies, and regularly invited to Asia. <br \/>Christian Arming\u2019s work has also won many supporters in the operatic world since 1997 when he made his debut at the Salzburg Festival. With the Prague Radio Symphony Orchestra, he presented Dvo\u0159\u00e1k\u2019s Spectres Bride in 2018. He also conducted Pell\u00e9as et M\u00e9lisande, L\u00e9onore, Les Mamelles de Tir\u00e9sias, Giani Schicchi, Salom\u00e9, Eine florentinische Trag\u00f6die, Lohengrin and Die Fledermaus.<br \/>Christian Arming has a varied discography including works by Jan\u00e1\u010dek, Schubert, Brahms and Mahler. In 2018, his first recording for Deutsche Grammophon was launched.<br \/>Christian Arming was born in Vienna and studied conducting under Leopold Hager at the University of Music and Performing Arts in Vienna. Seiji Ozawa had also been a mentor and strong supporter of his career, introducing him to Boston and Tokyo.<br \/><br \/><\/dd>\r\n<\/dl>\r\n<\/div>","protected":false},"excerpt":{"rendered":"Profile Christian Arming \/ Music Director Christian Arming is one of Austria\u2019s most sought after conductors, highly successful in both symphonic and operatic fields. Music Director of the Liege Royal Philharmonic Orchestra from 2011 to 2019, he previously held the same post at the New Japan Philharmonic in Tokyo, at the Lucerne Theatre and Symphony Orchestra and earlier was Chief Conductor of the Jan\u00e1\u010dek Philharmonic in Ostrava. From April 2024, he started his tenure as Music Director of the Hiroshima Symphony Orchestra following 5 years of successful collaboration as Principal Guest Conductor.He has conducted many top European and American orchestras, such as Czech Philharmonic, Staatskapelle Dresden, Frankfurt Radio Symphony, Vienna [&hellip;]","protected":false},"author":1,"featured_media":0,"parent":60,"menu_order":0,"comment_status":"closed","ping_status":"closed","template":"","meta":{"footnotes":""},"class_list":["post-311","page","type-page","status-publish","hentry"],"_links":{"self":[{"href":"http:\/\/hirokyo.or.jp\/en\/wp-json\/wp\/v2\/pages\/311","targetHints":{"allow":["GET"]}}],"collection":[{"href":"http:\/\/hirokyo.or.jp\/en\/wp-json\/wp\/v2\/pages"}],"about":[{"href":"http:\/\/hirokyo.or.jp\/en\/wp-json\/wp\/v2\/types\/page"}],"author":[{"embeddable":true,"href":"http:\/\/hirokyo.or.jp\/en\/wp-json\/wp\/v2\/users\/1"}],"replies":[{"embeddable":true,"href":"http:\/\/hirokyo.or.jp\/en\/wp-json\/wp\/v2\/comments?post=311"}],"version-history":[{"count":4,"href":"http:\/\/hirokyo.or.jp\/en\/wp-json\/wp\/v2\/pages\/311\/revisions"}],"predecessor-version":[{"id":1404,"href":"http:\/\/hirokyo.or.jp\/en\/wp-json\/wp\/v2\/pages\/311\/revisions\/1404"}],"up":[{"embeddable":true,"href":"http:\/\/hirokyo.or.jp\/en\/wp-json\/wp\/v2\/pages\/60"}],"wp:attachment":[{"href":"http:\/\/hirokyo.or.jp\/en\/wp-json\/wp\/v2\/media?parent=311"}],"curies":[{"name":"wp","href":"https:\/\/api.w.org\/{rel}","templated":true}]}}